{"id":2764,"date":"2016-02-24T15:29:43","date_gmt":"2016-02-24T13:29:43","guid":{"rendered":"http:\/\/nayansigorta.com.tr\/?page_id=2764"},"modified":"2016-03-03T13:18:55","modified_gmt":"2016-03-03T11:18:55","slug":"urunler","status":"publish","type":"page","link":"https:\/\/nayansigorta.com.tr\/?page_id=2764","title":{"rendered":"\u00dcr\u00fcnler"},"content":{"rendered":"<div class=\"wpb-content-wrapper\"><p>[vc_row rt_row_background_width=&#8221;default&#8221; rt_row_style=&#8221;default-style&#8221; rt_row_borders=&#8221;&#8221; rt_row_paddings=&#8221;true&#8221; rt_bg_effect=&#8221;classic&#8221; rt_bg_image_repeat=&#8221;repeat&#8221; rt_bg_size=&#8221;cover&#8221; rt_bg_position=&#8221;right top&#8221; rt_bg_attachment=&#8221;scroll&#8221; rt_bg_video_format=&#8221;self-hosted&#8221;][vc_column width=&#8221;1\/3&#8243; rt_bg_image_repeat=&#8221;repeat&#8221; rt_bg_size=&#8221;auto auto&#8221; rt_bg_attachment=&#8221;scroll&#8221;]\r\n\t\t\t\t<div id=\"slider-image-carousel-759761\" class=\"rt-carousel rt-image-carousel carousel-holder clearfix \" data-item-width=\"1\" data-nav=\"true\" data-dots=\"false\" data-margin=\"\" data-autoplay=\"false\" data-timeout=\"5000\" data-loop=\"false\" data-tablet-item-width=\"\" data-mobile-item-width=\"1\">\r\n\t\t\t\t\t<div class=\"owl-carousel\">\r\n\t\t\t\t\t\t<div><img decoding=\"async\" src=\"https:\/\/nayansigorta.com.tr\/wp-icerik\/uploads\/2016\/03\/resim.jpg\" alt=\"\" itemprop=\"image\"><\/div>\r\n\t\t\t\t\t<\/div>\r\n\t\t\t\t\t\r\n\t\t\t\t<\/div>\r\n\t\t\t[vc_column_text]<\/p>\n<p><strong>KASKO S\u0130GORTASI<\/strong><\/p>\n<p>Kasko sigortas\u0131 Genel \u015fartlar\u0131 i\u00e7in L\u00fctfen <a href=\"http:\/\/www.tsb.org.tr\/Default.aspx?pageID=1077\" target=\"_blank\">T\u0131klay\u0131n\u0131z<\/a><\/p>\n<p><strong>TRAF\u0130K S\u0130GORTASI<\/strong><\/p>\n<p>Trafik Sigortas\u0131 Genel \u015fartlar\u0131 i\u00e7in L\u00fctfen <a href=\"http:\/\/www.tsb.org.tr\/EditHtmlModule.aspx?pageID=1080&amp;mid=3084\" target=\"_blank\">T\u0131klay\u0131n\u0131z<\/a><\/p>\n<p><strong>DASK (DEPREM) S\u0130GORTASI<\/strong><\/p>\n<p>Dask Sigortas\u0131 Genel \u015fartlar\u0131 i\u00e7in L\u00fctfen <a href=\"http:\/\/www.dask.gov.tr\/zorunlu-deprem-sigortasi-teminat-ve-kapsami.html\" target=\"_blank\">T\u0131klay\u0131n\u0131z<\/a>[\/vc_column_text][\/vc_column][vc_column width=&#8221;1\/3&#8243; rt_bg_image_repeat=&#8221;repeat&#8221; rt_bg_size=&#8221;auto auto&#8221; rt_bg_attachment=&#8221;scroll&#8221;][vc_single_image image=&#8221;2931&#8243; img_size=&#8221;285&#215;196&#8243;][vc_column_text]<\/p>\n<p><strong>KONUT S\u0130GORTASI<\/strong><\/p>\n<p>Konut Sigortas\u0131 Genel \u015eartlar\u0131 i\u00e7in L\u00fctfen <a href=\"http:\/\/www.tsb.org.tr\/yangin-sigortasi-genel-sartlari.aspx?pageID=524\" target=\"_blank\">T\u0131klay\u0131n\u0131z<\/a><\/p>\n<p><strong>SA\u011eLIK S\u0130GORTASI<\/strong><\/p>\n<p>Sa\u011fl\u0131k Sigortas\u0131 Genel \u015eartlar\u0131 i\u00e7in L\u00fctfen <a href=\"http:\/\/www.tsb.org.tr\/saglik-sigortasi-genel-sartlari.aspx?pageID=513\" target=\"_blank\">T\u0131klay\u0131n\u0131z<\/a>[\/vc_column_text][\/vc_column][vc_column width=&#8221;1\/3&#8243; rt_bg_image_repeat=&#8221;repeat&#8221; rt_bg_size=&#8221;auto auto&#8221; rt_bg_attachment=&#8221;scroll&#8221;]\r\n\t\t\t\t<div id=\"slider-image-carousel-644986\" class=\"rt-carousel rt-image-carousel carousel-holder clearfix \" data-item-width=\"1\" data-nav=\"true\" data-dots=\"false\" data-margin=\"\" data-autoplay=\"false\" data-timeout=\"5000\" data-loop=\"false\" data-tablet-item-width=\"\" data-mobile-item-width=\"1\">\r\n\t\t\t\t\t<div class=\"owl-carousel\">\r\n\t\t\t\t\t\t<div><img decoding=\"async\" src=\"https:\/\/nayansigorta.com.tr\/wp-icerik\/uploads\/2016\/03\/icon_491111958.jpg\" alt=\"\" itemprop=\"image\"><\/div>\r\n\t\t\t\t\t<\/div>\r\n\t\t\t\t\t\r\n\t\t\t\t<\/div>\r\n\t\t\t[vc_column_text]<\/p>\n<p><strong>TAMAMLAYICI SA\u011eLIK S\u0130GORTASI<\/strong><\/p>\n<p><strong>\u0130\u015eYER\u0130 S\u0130GORTASI<\/strong><\/p>\n<p><strong>SEYAHAT SA\u011eLIK S\u0130GORTASI<\/strong><\/p>\n<p><strong>MESLEK\u0130 SORUMLULUK VE \u0130\u015e G\u00dcVENL\u0130\u011e\u0130 UZMANI S\u0130GORTASI<\/strong><\/p>\n<p><strong>ZORUNLU KOLTUK VE TA\u015eIMACILIK S\u0130GORTALARI<\/strong><\/p>\n<p><strong>D\u0130\u011eER S\u0130GORTA \u00dcR\u00dcNLER\u0130<\/strong>[\/vc_column_text][\/vc_column][\/vc_row][vc_row rt_row_background_width=&#8221;default&#8221; rt_row_style=&#8221;default-style&#8221; rt_row_borders=&#8221;&#8221; rt_row_paddings=&#8221;true&#8221; rt_bg_effect=&#8221;classic&#8221; rt_bg_image_repeat=&#8221;repeat&#8221; rt_bg_size=&#8221;cover&#8221; rt_bg_position=&#8221;right top&#8221; rt_bg_attachment=&#8221;scroll&#8221; rt_bg_video_format=&#8221;self-hosted&#8221;][vc_column rt_bg_image_repeat=&#8221;repeat&#8221; rt_bg_size=&#8221;auto auto&#8221; rt_bg_attachment=&#8221;scroll&#8221;][\/vc_column][\/vc_row][vc_row rt_row_background_width=&#8221;default&#8221; rt_row_style=&#8221;default-style&#8221; rt_row_borders=&#8221;&#8221; rt_row_paddings=&#8221;true&#8221; rt_bg_effect=&#8221;classic&#8221; rt_bg_image_repeat=&#8221;repeat&#8221; rt_bg_size=&#8221;cover&#8221; rt_bg_position=&#8221;right top&#8221; rt_bg_attachment=&#8221;scroll&#8221; rt_bg_video_format=&#8221;self-hosted&#8221;][vc_column rt_bg_image_repeat=&#8221;repeat&#8221; rt_bg_size=&#8221;auto auto&#8221; rt_bg_attachment=&#8221;scroll&#8221;][\/vc_column][\/vc_row]<\/p>\n<\/div>","protected":false},"excerpt":{"rendered":"<p>[vc_row rt_row_background_width=&#8221;default&#8221; rt_row_style=&#8221;default-style&#8221; rt_row_borders=&#8221;&#8221; rt_row_paddings=&#8221;true&#8221; rt_bg_effect=&#8221;classic&#8221; rt_bg_image_repeat=&#8221;repeat&#8221; rt_bg_size=&#8221;cover&#8221; rt_bg_position=&#8221;right top&#8221; rt_bg_attachment=&#8221;scroll&#8221; rt_bg_video_format=&#8221;self-hosted&#8221;][vc_column width=&#8221;1\/3&#8243; rt_bg_image_repeat=&#8221;repeat&#8221; rt_bg_size=&#8221;auto auto&#8221; rt_bg_attachment=&#8221;scroll&#8221;][vc_column_text] KASKO S\u0130GORTASI Kasko sigortas\u0131 Genel \u015fartlar\u0131 i\u00e7in L\u00fctfen T\u0131klay\u0131n\u0131z TRAF\u0130K S\u0130GORTASI Trafik Sigortas\u0131 Genel \u015fartlar\u0131 i\u00e7in L\u00fctfen T\u0131klay\u0131n\u0131z DASK (DEPREM) S\u0130GORTASI Dask Sigortas\u0131 Genel \u015fartlar\u0131 i\u00e7in L\u00fctfen T\u0131klay\u0131n\u0131z[\/vc_column_text][\/vc_column][vc_column width=&#8221;1\/3&#8243; rt_bg_image_repeat=&#8221;repeat&#8221; rt_bg_size=&#8221;auto auto&#8221; rt_bg_attachment=&#8221;scroll&#8221;][vc_single_image image=&#8221;2931&#8243; img_size=&#8221;285&#215;196&#8243;][vc_column_text] KONUT S\u0130GORTASI Konut [&hellip;]<\/p>\n","protected":false},"author":2,"featured_media":0,"parent":0,"menu_order":0,"comment_status":"closed","ping_status":"closed","template":"","meta":{"footnotes":""},"class_list":["post-2764","page","type-page","status-publish","hentry"],"_links":{"self":[{"href":"https:\/\/nayansigorta.com.tr\/index.php?rest_route=\/wp\/v2\/pages\/2764","targetHints":{"allow":["GET"]}}],"collection":[{"href":"https:\/\/nayansigorta.com.tr\/index.php?rest_route=\/wp\/v2\/pages"}],"about":[{"href":"https:\/\/nayansigorta.com.tr\/index.php?rest_route=\/wp\/v2\/types\/page"}],"author":[{"embeddable":true,"href":"https:\/\/nayansigorta.com.tr\/index.php?rest_route=\/wp\/v2\/users\/2"}],"replies":[{"embeddable":true,"href":"https:\/\/nayansigorta.com.tr\/index.php?rest_route=%2Fwp%2Fv2%2Fcomments&post=2764"}],"version-history":[{"count":14,"href":"https:\/\/nayansigorta.com.tr\/index.php?rest_route=\/wp\/v2\/pages\/2764\/revisions"}],"predecessor-version":[{"id":2934,"href":"https:\/\/nayansigorta.com.tr\/index.php?rest_route=\/wp\/v2\/pages\/2764\/revisions\/2934"}],"wp:attachment":[{"href":"https:\/\/nayansigorta.com.tr\/index.php?rest_route=%2Fwp%2Fv2%2Fmedia&parent=2764"}],"curies":[{"name":"wp","href":"https:\/\/api.w.org\/{rel}","templated":true}]}}