{"id":2687,"date":"2015-02-02T04:30:57","date_gmt":"2015-02-02T04:30:57","guid":{"rendered":"http:\/\/rttheme19.rtthemes.com\/?page_id=9"},"modified":"2026-03-10T11:48:35","modified_gmt":"2026-03-10T08:48:35","slug":"hakkimizda","status":"publish","type":"page","link":"https:\/\/nayansigorta.com.tr\/?page_id=2687","title":{"rendered":"Hakk\u0131m\u0131zda"},"content":{"rendered":"<div class=\"wpb-content-wrapper\"><p>[vc_row rt_row_background_width=&#8221;default&#8221; rt_row_style=&#8221;default-style&#8221; rt_row_borders=&#8221;bottom&#8221; rt_overlap=&#8221;true&#8221; rt_row_paddings=&#8221;true&#8221; rt_bg_effect=&#8221;classic&#8221; rt_bg_image_repeat=&#8221;repeat&#8221; rt_bg_size=&#8221;cover&#8221; rt_bg_position=&#8221;right top&#8221; rt_bg_attachment=&#8221;scroll&#8221; rt_bg_video_format=&#8221;self-hosted&#8221;][vc_column rt_bg_image_repeat=&#8221;repeat&#8221; rt_bg_size=&#8221;auto auto&#8221; rt_bg_attachment=&#8221;scroll&#8221;][vc_single_image image=&#8221;2721&#8243; img_size=&#8221;&#8221; alignment=&#8221;center&#8221;][vc_column_text]<em><strong>Biz Kimiz ?<\/strong><\/em><\/p>\n<p>Nayan Sigorta Arac\u0131l\u0131k Hizmetleri LTD.\u015eT\u0130. sigortac\u0131l\u0131k hayat\u0131na 1999 y\u0131l\u0131nda Afyonkarahisar Merkez\u2019de Osman NAYAN ve Nevin NAYAN ile ba\u015flam\u0131\u015f olup, o\u011fullar\u0131 Oskay NAYAN \u015firket b\u00fcy\u00fcmesine kat\u0131lmas\u0131 ile kadrosunu daha da g\u00fc\u00e7lenmi\u015ftir.Kuruldu\u011fu g\u00fcnden bug\u00fcne meslek heyecan\u0131n\u0131, sekt\u00f6re olan ilkeli bak\u0131\u015f\u0131n\u0131, m\u00fc\u015fterilerine g\u00f6sterdi\u011fi sayg\u0131 ve ilgiyi ayr\u0131ca sekt\u00f6rel anlamdaki d\u00fcr\u00fcstl\u00fc\u011f\u00fcn\u00fc ve \u00f6d\u00fcn vermez kalite anlay\u0131\u015f\u0131n\u0131 ilk g\u00fcnk\u00fc gibi korumay\u0131 ba\u015farm\u0131\u015ft\u0131r.<\/p>\n<p>Acenteli\u011fimiz Teknik Servis, Hasar Servisi, Pazarlama Departman\u0131, Muhasebe Servisi ve yard\u0131mc\u0131 kadrolar ile birlikte 10 personelle t\u00fcm m\u00fc\u015fterilerine hizmet vermektedir.<\/p>\n<p>Do\u011fru risk tespiti yaparak en h\u0131zl\u0131 s\u00fcrede 16 sigorta \u015firketi se\u00e7ene\u011fi ile en uygun fiyatlar ve \u00f6deme kolayl\u0131klar\u0131 ile siz say\u0131n m\u00fc\u015fterilerinin g\u00fcvenine lay\u0131k olmaya devam etmektedir.[\/vc_column_text][\/vc_column][\/vc_row]<\/p>\n<\/div>","protected":false},"excerpt":{"rendered":"<p>[vc_row rt_row_background_width=&#8221;default&#8221; rt_row_style=&#8221;default-style&#8221; rt_row_borders=&#8221;bottom&#8221; rt_overlap=&#8221;true&#8221; rt_row_paddings=&#8221;true&#8221; rt_bg_effect=&#8221;classic&#8221; rt_bg_image_repeat=&#8221;repeat&#8221; rt_bg_size=&#8221;cover&#8221; rt_bg_position=&#8221;right top&#8221; rt_bg_attachment=&#8221;scroll&#8221; rt_bg_video_format=&#8221;self-hosted&#8221;][vc_column rt_bg_image_repeat=&#8221;repeat&#8221; rt_bg_size=&#8221;auto auto&#8221; rt_bg_attachment=&#8221;scroll&#8221;][vc_single_image image=&#8221;2721&#8243; img_size=&#8221;&#8221; alignment=&#8221;center&#8221;][vc_column_text]Biz Kimiz ? Nayan Sigorta Arac\u0131l\u0131k Hizmetleri LTD.\u015eT\u0130. sigortac\u0131l\u0131k hayat\u0131na 1999 y\u0131l\u0131nda Afyonkarahisar Merkez\u2019de Osman NAYAN ve Nevin NAYAN ile ba\u015flam\u0131\u015f olup, o\u011fullar\u0131 Oskay NAYAN \u015firket b\u00fcy\u00fcmesine kat\u0131lmas\u0131 ile kadrosunu daha da g\u00fc\u00e7lenmi\u015ftir.Kuruldu\u011fu g\u00fcnden bug\u00fcne meslek [&hellip;]<\/p>\n","protected":false},"author":2,"featured_media":0,"parent":0,"menu_order":0,"comment_status":"open","ping_status":"open","template":"","meta":{"footnotes":""},"class_list":["post-2687","page","type-page","status-publish","hentry"],"_links":{"self":[{"href":"https:\/\/nayansigorta.com.tr\/index.php?rest_route=\/wp\/v2\/pages\/2687","targetHints":{"allow":["GET"]}}],"collection":[{"href":"https:\/\/nayansigorta.com.tr\/index.php?rest_route=\/wp\/v2\/pages"}],"about":[{"href":"https:\/\/nayansigorta.com.tr\/index.php?rest_route=\/wp\/v2\/types\/page"}],"author":[{"embeddable":true,"href":"https:\/\/nayansigorta.com.tr\/index.php?rest_route=\/wp\/v2\/users\/2"}],"replies":[{"embeddable":true,"href":"https:\/\/nayansigorta.com.tr\/index.php?rest_route=%2Fwp%2Fv2%2Fcomments&post=2687"}],"version-history":[{"count":22,"href":"https:\/\/nayansigorta.com.tr\/index.php?rest_route=\/wp\/v2\/pages\/2687\/revisions"}],"predecessor-version":[{"id":3028,"href":"https:\/\/nayansigorta.com.tr\/index.php?rest_route=\/wp\/v2\/pages\/2687\/revisions\/3028"}],"wp:attachment":[{"href":"https:\/\/nayansigorta.com.tr\/index.php?rest_route=%2Fwp%2Fv2%2Fmedia&parent=2687"}],"curies":[{"name":"wp","href":"https:\/\/api.w.org\/{rel}","templated":true}]}}