{"id":21,"date":"2016-02-12T11:22:41","date_gmt":"2016-02-12T09:22:41","guid":{"rendered":"http:\/\/nayansigorta.com.tr\/?page_id=21"},"modified":"2026-03-10T11:04:30","modified_gmt":"2026-03-10T08:04:30","slug":"ana-sayfa","status":"publish","type":"page","link":"https:\/\/nayansigorta.com.tr\/","title":{"rendered":"Ana Sayfa"},"content":{"rendered":"<p><img decoding=\"async\" src=\"http:\/\/nayansigorta.com.tr\/wp-icerik\/uploads\/2016\/03\/resim.jpg\" alt=\"Nayan Sigorta\" \/><\/p>\n<h4>Nayan Sigorta LTD. \u015eT\u0130.<\/h4>\n<p>G\u00fcveninizin Eseri&#8230;<br \/>\nBu g\u00fcvenin arkas\u0131nda d\u00fcr\u00fcstl\u00fck, tecr\u00fcbe, kalite, h\u0131z ve m\u00fc\u015fteri memnuniyeti yatmaktad\u0131r.<\/p>\n<p>Bildi\u011fim \u00fczere sigorta primleri g\u00fcn\u00fcm\u00fcz ko\u015fullar\u0131na \u00f6nemli bir\u00a0gider olu\u015fturmaktad\u0131r.<br \/>\nBuna paralel olarak m\u00fc\u015fterilerimizin risklerini belirleyerek do\u011fru teminatlarla size en uygun fiyatlar ve \u00f6deme kolayl\u0131klar\u0131 sunmaktay\u0131z.M\u00fc\u015fterilerimiz b\u00fcnyemizde \u00e7al\u0131\u015fmakla gurur duyuyoruz 16 sigorta \u015firketinin farkl\u0131 se\u00e7enek ve olanaklar\u0131ndan faydalanmaktad\u0131r.<\/p>\n","protected":false},"excerpt":{"rendered":"<p>Nayan Sigorta LTD. \u015eT\u0130. G\u00fcveninizin Eseri&#8230; Bu g\u00fcvenin arkas\u0131nda d\u00fcr\u00fcstl\u00fck, tecr\u00fcbe, kalite, h\u0131z ve m\u00fc\u015fteri memnuniyeti yatmaktad\u0131r. Bildi\u011fim \u00fczere sigorta primleri g\u00fcn\u00fcm\u00fcz ko\u015fullar\u0131na \u00f6nemli bir\u00a0gider olu\u015fturmaktad\u0131r. Buna paralel olarak m\u00fc\u015fterilerimizin risklerini belirleyerek do\u011fru teminatlarla size en uygun fiyatlar ve \u00f6deme kolayl\u0131klar\u0131 sunmaktay\u0131z.M\u00fc\u015fterilerimiz b\u00fcnyemizde \u00e7al\u0131\u015fmakla gurur duyuyoruz 16 sigorta \u015firketinin farkl\u0131 se\u00e7enek ve olanaklar\u0131ndan faydalanmaktad\u0131r.<\/p>\n","protected":false},"author":2,"featured_media":0,"parent":0,"menu_order":0,"comment_status":"closed","ping_status":"closed","template":"","meta":{"footnotes":""},"class_list":["post-21","page","type-page","status-publish","hentry"],"_links":{"self":[{"href":"https:\/\/nayansigorta.com.tr\/index.php?rest_route=\/wp\/v2\/pages\/21","targetHints":{"allow":["GET"]}}],"collection":[{"href":"https:\/\/nayansigorta.com.tr\/index.php?rest_route=\/wp\/v2\/pages"}],"about":[{"href":"https:\/\/nayansigorta.com.tr\/index.php?rest_route=\/wp\/v2\/types\/page"}],"author":[{"embeddable":true,"href":"https:\/\/nayansigorta.com.tr\/index.php?rest_route=\/wp\/v2\/users\/2"}],"replies":[{"embeddable":true,"href":"https:\/\/nayansigorta.com.tr\/index.php?rest_route=%2Fwp%2Fv2%2Fcomments&post=21"}],"version-history":[{"count":54,"href":"https:\/\/nayansigorta.com.tr\/index.php?rest_route=\/wp\/v2\/pages\/21\/revisions"}],"predecessor-version":[{"id":3018,"href":"https:\/\/nayansigorta.com.tr\/index.php?rest_route=\/wp\/v2\/pages\/21\/revisions\/3018"}],"wp:attachment":[{"href":"https:\/\/nayansigorta.com.tr\/index.php?rest_route=%2Fwp%2Fv2%2Fmedia&parent=21"}],"curies":[{"name":"wp","href":"https:\/\/api.w.org\/{rel}","templated":true}]}}